{"id":161,"date":"2021-04-21T10:47:45","date_gmt":"2021-04-21T07:47:45","guid":{"rendered":"https:\/\/www.borakalip.com.tr\/?page_id=161"},"modified":"2021-04-24T19:49:56","modified_gmt":"2021-04-24T16:49:56","slug":"why-sml-gas","status":"publish","type":"page","link":"https:\/\/www.borakalip.com.tr\/en\/why-sml-gas\/","title":{"rendered":"Why SML GAS"},"content":{"rendered":"\n<figure class=\"wp-block-image size-large is-resized\"><img loading=\"lazy\" decoding=\"async\" src=\"http:\/\/borakalip.com.tr\/wp-content\/uploads\/2021\/04\/SMLGas-Logo-edited.jpg\" alt=\"\" class=\"wp-image-84\" width=\"366\" height=\"366\" srcset=\"https:\/\/www.borakalip.com.tr\/wp-content\/uploads\/2021\/04\/SMLGas-Logo-edited.jpg 911w, https:\/\/www.borakalip.com.tr\/wp-content\/uploads\/2021\/04\/SMLGas-Logo-edited-300x300.jpg 300w, https:\/\/www.borakalip.com.tr\/wp-content\/uploads\/2021\/04\/SMLGas-Logo-edited-150x150.jpg 150w, https:\/\/www.borakalip.com.tr\/wp-content\/uploads\/2021\/04\/SMLGas-Logo-edited-768x768.jpg 768w\" sizes=\"auto, (max-width: 366px) 100vw, 366px\" \/><\/figure>\n\n\n\n<p><strong><span class=\"has-inline-color has-vivid-red-color\">THE BEST GAS SPRING IN THE MARKET<\/span><\/strong><\/p>\n\n\n\n<p>SML GAS Springs offer the world&#8217;s most advanced technology, guaranteeing longer gas cylinder life than other products in the market.<\/p>\n\n\n\n<p>SML Gas brand offers products that meet all kinds of test standards confirming that its cylinders last longer.<\/p>\n\n\n\n<p><strong><span class=\"has-inline-color has-vivid-red-color\">15 YEARS OF EXPERIENCE <\/span><\/strong><\/p>\n\n\n\n<p>Founded in Bursa, Bora Kal\u0131p Elements has become one of the most important manufacturers of gas cylinders.<\/p>\n\n\n\n<p>We have developed our technology over a period of more than 15 years.<\/p>\n\n\n\n<p><strong><span class=\"has-inline-color has-vivid-red-color\">AT THE SERVICE OF ENGINEERS AND TECHNICAL DEPARTMENTS<\/span><\/strong><\/p>\n\n\n\n<p>SML Gas provides its customers with maximum technical support by instantly responding to any application assistance inquiries, or questions regarding its products.<\/p>\n\n\n\n<p><strong><span class=\"has-inline-color has-vivid-red-color\">TECHNOLOGICAL PARTNERS &#8211; SPECIAL SOLUTIONS<\/span><\/strong><\/p>\n\n\n\n<p>SML Gas maximizes customer satisfaction by bringing together a group of engineers and technicians to concentrate on R&amp;D services that it provides to customers with special projects that may require special solutions or require higher performance than other standard products on the market.<\/p>\n\n\n\n<p><strong><span class=\"has-inline-color has-vivid-red-color\">WORLD PRESENCE &#8211; PLANT SUPPORT (STOCK &amp; REPAIR)<\/span><\/strong><\/p>\n\n\n\n<p>SML Gas analyzes and diagnoses all kinds of product and service requirements at client facility, by consulting also with its customers, and responds by meeting customer expectations.<\/p>\n\n\n\n<p>SML Gas products are able to and are aimed to reach every market in the world.<\/p>\n","protected":false},"excerpt":{"rendered":"<p>THE BEST GAS SPRING IN THE MARKET SML GAS Springs offer the world&#8217;s most advanced technology, guaranteeing longer gas cylinder life than other products in the market. SML Gas brand offers products that meet all kinds of test standards confirming that its cylinders last longer. 15 YEARS OF EXPERIENCE Founded in Bursa, Bora Kal\u0131p Elements [&hellip;]<\/p>\n","protected":false},"author":1,"featured_media":0,"parent":0,"menu_order":0,"comment_status":"closed","ping_status":"closed","template":"","meta":{"footnotes":""},"class_list":["post-161","page","type-page","status-publish","hentry"],"yoast_head":"<!-- This site is optimized with the Yoast SEO plugin v26.4 - https:\/\/yoast.com\/wordpress\/plugins\/seo\/ -->\n<title>Why SML GAS - Bora Kal\u0131p<\/title>\n<meta name=\"description\" content=\"Gas springs of SML GAS offer the world&#039;s most advanced technology, guaranteeing longer gas cylinder life than other products on the market.\" \/>\n<meta name=\"robots\" content=\"index, follow, max-snippet:-1, max-image-preview:large, max-video-preview:-1\" \/>\n<link rel=\"canonical\" href=\"https:\/\/www.borakalip.com.tr\/en\/why-sml-gas\/\" \/>\n<meta property=\"og:locale\" content=\"en_US\" \/>\n<meta property=\"og:type\" content=\"article\" \/>\n<meta property=\"og:title\" content=\"Why SML GAS - Bora Kal\u0131p\" \/>\n<meta property=\"og:description\" content=\"Gas springs of SML GAS offer the world&#039;s most advanced technology, guaranteeing longer gas cylinder life than other products on the market.\" \/>\n<meta property=\"og:url\" content=\"https:\/\/www.borakalip.com.tr\/en\/why-sml-gas\/\" \/>\n<meta property=\"og:site_name\" content=\"Bora Kal\u0131p\" \/>\n<meta property=\"article:publisher\" content=\"https:\/\/www.facebook.com\/BoraKalipElemanlari\/\" \/>\n<meta property=\"article:modified_time\" content=\"2021-04-24T16:49:56+00:00\" \/>\n<meta property=\"og:image\" content=\"http:\/\/borakalip.com.tr\/wp-content\/uploads\/2021\/04\/SMLGas-Logo-edited.jpg\" \/>\n<meta name=\"twitter:card\" content=\"summary_large_image\" \/>\n<meta name=\"twitter:site\" content=\"@BoraKalip\" \/>\n<meta name=\"twitter:label1\" content=\"Est. reading time\" \/>\n\t<meta name=\"twitter:data1\" content=\"2 minutes\" \/>\n<script type=\"application\/ld+json\" class=\"yoast-schema-graph\">{\"@context\":\"https:\/\/schema.org\",\"@graph\":[{\"@type\":\"WebPage\",\"@id\":\"https:\/\/www.borakalip.com.tr\/en\/why-sml-gas\/\",\"url\":\"https:\/\/www.borakalip.com.tr\/en\/why-sml-gas\/\",\"name\":\"Why SML GAS - Bora Kal\u0131p\",\"isPartOf\":{\"@id\":\"https:\/\/www.borakalip.com.tr\/en\/#website\"},\"primaryImageOfPage\":{\"@id\":\"https:\/\/www.borakalip.com.tr\/en\/why-sml-gas\/#primaryimage\"},\"image\":{\"@id\":\"https:\/\/www.borakalip.com.tr\/en\/why-sml-gas\/#primaryimage\"},\"thumbnailUrl\":\"http:\/\/borakalip.com.tr\/wp-content\/uploads\/2021\/04\/SMLGas-Logo-edited.jpg\",\"datePublished\":\"2021-04-21T07:47:45+00:00\",\"dateModified\":\"2021-04-24T16:49:56+00:00\",\"description\":\"Gas springs of SML GAS offer the world's most advanced technology, guaranteeing longer gas cylinder life than other products on the market.\",\"breadcrumb\":{\"@id\":\"https:\/\/www.borakalip.com.tr\/en\/why-sml-gas\/#breadcrumb\"},\"inLanguage\":\"en-US\",\"potentialAction\":[{\"@type\":\"ReadAction\",\"target\":[\"https:\/\/www.borakalip.com.tr\/en\/why-sml-gas\/\"]}]},{\"@type\":\"ImageObject\",\"inLanguage\":\"en-US\",\"@id\":\"https:\/\/www.borakalip.com.tr\/en\/why-sml-gas\/#primaryimage\",\"url\":\"http:\/\/borakalip.com.tr\/wp-content\/uploads\/2021\/04\/SMLGas-Logo-edited.jpg\",\"contentUrl\":\"http:\/\/borakalip.com.tr\/wp-content\/uploads\/2021\/04\/SMLGas-Logo-edited.jpg\"},{\"@type\":\"BreadcrumbList\",\"@id\":\"https:\/\/www.borakalip.com.tr\/en\/why-sml-gas\/#breadcrumb\",\"itemListElement\":[{\"@type\":\"ListItem\",\"position\":1,\"name\":\"Anasayfa\",\"item\":\"https:\/\/www.borakalip.com.tr\/en\/\"},{\"@type\":\"ListItem\",\"position\":2,\"name\":\"Why SML GAS\"}]},{\"@type\":\"WebSite\",\"@id\":\"https:\/\/www.borakalip.com.tr\/en\/#website\",\"url\":\"https:\/\/www.borakalip.com.tr\/en\/\",\"name\":\"Bora Kal\u0131p\",\"description\":\"Quailty in Gas Spring Cylinders\",\"publisher\":{\"@id\":\"https:\/\/www.borakalip.com.tr\/en\/#organization\"},\"potentialAction\":[{\"@type\":\"SearchAction\",\"target\":{\"@type\":\"EntryPoint\",\"urlTemplate\":\"https:\/\/www.borakalip.com.tr\/en\/?s={search_term_string}\"},\"query-input\":{\"@type\":\"PropertyValueSpecification\",\"valueRequired\":true,\"valueName\":\"search_term_string\"}}],\"inLanguage\":\"en-US\"},{\"@type\":\"Organization\",\"@id\":\"https:\/\/www.borakalip.com.tr\/en\/#organization\",\"name\":\"Bora Kal\u0131p Elemanlar\u0131 San. ve Tic. Ltd. \u015eti\",\"url\":\"https:\/\/www.borakalip.com.tr\/en\/\",\"logo\":{\"@type\":\"ImageObject\",\"inLanguage\":\"en-US\",\"@id\":\"https:\/\/www.borakalip.com.tr\/en\/#\/schema\/logo\/image\/\",\"url\":\"http:\/\/borakalip.com.tr\/wp-content\/uploads\/2021\/04\/BoraKalip.png\",\"contentUrl\":\"http:\/\/borakalip.com.tr\/wp-content\/uploads\/2021\/04\/BoraKalip.png\",\"width\":900,\"height\":900,\"caption\":\"Bora Kal\u0131p Elemanlar\u0131 San. ve Tic. Ltd. \u015eti\"},\"image\":{\"@id\":\"https:\/\/www.borakalip.com.tr\/en\/#\/schema\/logo\/image\/\"},\"sameAs\":[\"https:\/\/www.facebook.com\/BoraKalipElemanlari\/\",\"https:\/\/x.com\/BoraKalip\",\"https:\/\/www.instagram.com\/borakalip\/\"]}]}<\/script>\n<!-- \/ Yoast SEO plugin. -->","yoast_head_json":{"title":"Why SML GAS - Bora Kal\u0131p","description":"Gas springs of SML GAS offer the world's most advanced technology, guaranteeing longer gas cylinder life than other products on the market.","robots":{"index":"index","follow":"follow","max-snippet":"max-snippet:-1","max-image-preview":"max-image-preview:large","max-video-preview":"max-video-preview:-1"},"canonical":"https:\/\/www.borakalip.com.tr\/en\/why-sml-gas\/","og_locale":"en_US","og_type":"article","og_title":"Why SML GAS - Bora Kal\u0131p","og_description":"Gas springs of SML GAS offer the world's most advanced technology, guaranteeing longer gas cylinder life than other products on the market.","og_url":"https:\/\/www.borakalip.com.tr\/en\/why-sml-gas\/","og_site_name":"Bora Kal\u0131p","article_publisher":"https:\/\/www.facebook.com\/BoraKalipElemanlari\/","article_modified_time":"2021-04-24T16:49:56+00:00","og_image":[{"url":"http:\/\/borakalip.com.tr\/wp-content\/uploads\/2021\/04\/SMLGas-Logo-edited.jpg","type":"","width":"","height":""}],"twitter_card":"summary_large_image","twitter_site":"@BoraKalip","twitter_misc":{"Est. reading time":"2 minutes"},"schema":{"@context":"https:\/\/schema.org","@graph":[{"@type":"WebPage","@id":"https:\/\/www.borakalip.com.tr\/en\/why-sml-gas\/","url":"https:\/\/www.borakalip.com.tr\/en\/why-sml-gas\/","name":"Why SML GAS - Bora Kal\u0131p","isPartOf":{"@id":"https:\/\/www.borakalip.com.tr\/en\/#website"},"primaryImageOfPage":{"@id":"https:\/\/www.borakalip.com.tr\/en\/why-sml-gas\/#primaryimage"},"image":{"@id":"https:\/\/www.borakalip.com.tr\/en\/why-sml-gas\/#primaryimage"},"thumbnailUrl":"http:\/\/borakalip.com.tr\/wp-content\/uploads\/2021\/04\/SMLGas-Logo-edited.jpg","datePublished":"2021-04-21T07:47:45+00:00","dateModified":"2021-04-24T16:49:56+00:00","description":"Gas springs of SML GAS offer the world's most advanced technology, guaranteeing longer gas cylinder life than other products on the market.","breadcrumb":{"@id":"https:\/\/www.borakalip.com.tr\/en\/why-sml-gas\/#breadcrumb"},"inLanguage":"en-US","potentialAction":[{"@type":"ReadAction","target":["https:\/\/www.borakalip.com.tr\/en\/why-sml-gas\/"]}]},{"@type":"ImageObject","inLanguage":"en-US","@id":"https:\/\/www.borakalip.com.tr\/en\/why-sml-gas\/#primaryimage","url":"http:\/\/borakalip.com.tr\/wp-content\/uploads\/2021\/04\/SMLGas-Logo-edited.jpg","contentUrl":"http:\/\/borakalip.com.tr\/wp-content\/uploads\/2021\/04\/SMLGas-Logo-edited.jpg"},{"@type":"BreadcrumbList","@id":"https:\/\/www.borakalip.com.tr\/en\/why-sml-gas\/#breadcrumb","itemListElement":[{"@type":"ListItem","position":1,"name":"Anasayfa","item":"https:\/\/www.borakalip.com.tr\/en\/"},{"@type":"ListItem","position":2,"name":"Why SML GAS"}]},{"@type":"WebSite","@id":"https:\/\/www.borakalip.com.tr\/en\/#website","url":"https:\/\/www.borakalip.com.tr\/en\/","name":"Bora Kal\u0131p","description":"Quailty in Gas Spring Cylinders","publisher":{"@id":"https:\/\/www.borakalip.com.tr\/en\/#organization"},"potentialAction":[{"@type":"SearchAction","target":{"@type":"EntryPoint","urlTemplate":"https:\/\/www.borakalip.com.tr\/en\/?s={search_term_string}"},"query-input":{"@type":"PropertyValueSpecification","valueRequired":true,"valueName":"search_term_string"}}],"inLanguage":"en-US"},{"@type":"Organization","@id":"https:\/\/www.borakalip.com.tr\/en\/#organization","name":"Bora Kal\u0131p Elemanlar\u0131 San. ve Tic. Ltd. \u015eti","url":"https:\/\/www.borakalip.com.tr\/en\/","logo":{"@type":"ImageObject","inLanguage":"en-US","@id":"https:\/\/www.borakalip.com.tr\/en\/#\/schema\/logo\/image\/","url":"http:\/\/borakalip.com.tr\/wp-content\/uploads\/2021\/04\/BoraKalip.png","contentUrl":"http:\/\/borakalip.com.tr\/wp-content\/uploads\/2021\/04\/BoraKalip.png","width":900,"height":900,"caption":"Bora Kal\u0131p Elemanlar\u0131 San. ve Tic. Ltd. \u015eti"},"image":{"@id":"https:\/\/www.borakalip.com.tr\/en\/#\/schema\/logo\/image\/"},"sameAs":["https:\/\/www.facebook.com\/BoraKalipElemanlari\/","https:\/\/x.com\/BoraKalip","https:\/\/www.instagram.com\/borakalip\/"]}]}},"_links":{"self":[{"href":"https:\/\/www.borakalip.com.tr\/en\/wp-json\/wp\/v2\/pages\/161","targetHints":{"allow":["GET"]}}],"collection":[{"href":"https:\/\/www.borakalip.com.tr\/en\/wp-json\/wp\/v2\/pages"}],"about":[{"href":"https:\/\/www.borakalip.com.tr\/en\/wp-json\/wp\/v2\/types\/page"}],"author":[{"embeddable":true,"href":"https:\/\/www.borakalip.com.tr\/en\/wp-json\/wp\/v2\/users\/1"}],"replies":[{"embeddable":true,"href":"https:\/\/www.borakalip.com.tr\/en\/wp-json\/wp\/v2\/comments?post=161"}],"version-history":[{"count":3,"href":"https:\/\/www.borakalip.com.tr\/en\/wp-json\/wp\/v2\/pages\/161\/revisions"}],"predecessor-version":[{"id":296,"href":"https:\/\/www.borakalip.com.tr\/en\/wp-json\/wp\/v2\/pages\/161\/revisions\/296"}],"wp:attachment":[{"href":"https:\/\/www.borakalip.com.tr\/en\/wp-json\/wp\/v2\/media?parent=161"}],"curies":[{"name":"wp","href":"https:\/\/api.w.org\/{rel}","templated":true}]}}