{"id":159,"date":"2021-04-21T10:44:17","date_gmt":"2021-04-21T07:44:17","guid":{"rendered":"https:\/\/www.borakalip.com.tr\/?page_id=159"},"modified":"2021-04-24T19:47:02","modified_gmt":"2021-04-24T16:47:02","slug":"corporate","status":"publish","type":"page","link":"https:\/\/www.borakalip.com.tr\/en\/corporate\/","title":{"rendered":"Corporate"},"content":{"rendered":"\n<figure class=\"wp-block-image size-large is-resized\"><img loading=\"lazy\" decoding=\"async\" src=\"https:\/\/www.borakalip.com.tr\/wp-content\/uploads\/2021\/04\/borakalip_kurumsal.jpg\" alt=\"\" class=\"wp-image-267\" width=\"839\" height=\"581\" srcset=\"https:\/\/www.borakalip.com.tr\/wp-content\/uploads\/2021\/04\/borakalip_kurumsal.jpg 1000w, https:\/\/www.borakalip.com.tr\/wp-content\/uploads\/2021\/04\/borakalip_kurumsal-300x208.jpg 300w, https:\/\/www.borakalip.com.tr\/wp-content\/uploads\/2021\/04\/borakalip_kurumsal-768x533.jpg 768w\" sizes=\"auto, (max-width: 839px) 100vw, 839px\" \/><\/figure>\n\n\n\n<p>As Bora Kal\u0131p Elements, by combining our knowledge and experience with advanced technology, we aim to offer highest quality products to our clients. Our company, having a team of experts, have been producing mold gas cylinders since the day it was founded.<\/p>\n\n\n\n<p>Thanks to our strong focus on our quality principles and our determination that welcomes any challenge, we have been a recognized as a major contributor in our sector in a short time. Thanks to our rich stock variety, we offer variety of gas springs, connectors and fittings.<\/p>\n\n\n\n<p>Our vision is to be a pioneer in our sector, with our values.<\/p>\n\n\n\n<p>Our mission is to invest in human contribution, as we deem it to be the most important type of investment. This mission has allowed us to always have competitive advantage in the sector, in line with our values shaped by an innovative management approach, by not compromising on quality, by utilizing highest modern technology, and always valuing customer requests.<\/p>\n\n\n\n<figure class=\"wp-block-image size-large\"><img loading=\"lazy\" decoding=\"async\" width=\"170\" height=\"52\" src=\"https:\/\/www.borakalip.com.tr\/wp-content\/uploads\/2021\/04\/bora-logo-bw.jpg\" alt=\"\" class=\"wp-image-265\"\/><\/figure>\n","protected":false},"excerpt":{"rendered":"<p>As Bora Kal\u0131p Elements, by combining our knowledge and experience with advanced technology, we aim to offer highest quality products to our clients. Our company, having a team of experts, have been producing mold gas cylinders since the day it was founded. Thanks to our strong focus on our quality principles and our determination that [&hellip;]<\/p>\n","protected":false},"author":1,"featured_media":266,"parent":0,"menu_order":0,"comment_status":"closed","ping_status":"closed","template":"","meta":{"footnotes":""},"class_list":["post-159","page","type-page","status-publish","has-post-thumbnail","hentry"],"yoast_head":"<!-- This site is optimized with the Yoast SEO plugin v26.4 - https:\/\/yoast.com\/wordpress\/plugins\/seo\/ -->\n<title>Corporate - Bora Kal\u0131p<\/title>\n<meta name=\"description\" content=\"Bora Kal\u0131p Elements has adopted its knowledge and experience to offer quality products to customers by combining advanced technology\" \/>\n<meta name=\"robots\" content=\"index, follow, max-snippet:-1, max-image-preview:large, max-video-preview:-1\" \/>\n<link rel=\"canonical\" href=\"https:\/\/www.borakalip.com.tr\/en\/corporate\/\" \/>\n<meta property=\"og:locale\" content=\"en_US\" \/>\n<meta property=\"og:type\" content=\"article\" \/>\n<meta property=\"og:title\" content=\"Corporate - Bora Kal\u0131p\" \/>\n<meta property=\"og:description\" content=\"Bora Kal\u0131p Elements has adopted its knowledge and experience to offer quality products to customers by combining advanced technology\" \/>\n<meta property=\"og:url\" content=\"https:\/\/www.borakalip.com.tr\/en\/corporate\/\" \/>\n<meta property=\"og:site_name\" content=\"Bora Kal\u0131p\" \/>\n<meta property=\"article:publisher\" content=\"https:\/\/www.facebook.com\/BoraKalipElemanlari\/\" \/>\n<meta property=\"article:modified_time\" content=\"2021-04-24T16:47:02+00:00\" \/>\n<meta property=\"og:image\" content=\"https:\/\/www.borakalip.com.tr\/wp-content\/uploads\/2021\/04\/bora_kalip_kurumsal.jpg\" \/>\n\t<meta property=\"og:image:width\" content=\"1000\" \/>\n\t<meta property=\"og:image:height\" content=\"694\" \/>\n\t<meta property=\"og:image:type\" content=\"image\/jpeg\" \/>\n<meta name=\"twitter:card\" content=\"summary_large_image\" \/>\n<meta name=\"twitter:site\" content=\"@BoraKalip\" \/>\n<meta name=\"twitter:label1\" content=\"Est. reading time\" \/>\n\t<meta name=\"twitter:data1\" content=\"2 minutes\" \/>\n<script type=\"application\/ld+json\" class=\"yoast-schema-graph\">{\"@context\":\"https:\/\/schema.org\",\"@graph\":[{\"@type\":\"WebPage\",\"@id\":\"https:\/\/www.borakalip.com.tr\/en\/corporate\/\",\"url\":\"https:\/\/www.borakalip.com.tr\/en\/corporate\/\",\"name\":\"Corporate - Bora Kal\u0131p\",\"isPartOf\":{\"@id\":\"https:\/\/www.borakalip.com.tr\/en\/#website\"},\"primaryImageOfPage\":{\"@id\":\"https:\/\/www.borakalip.com.tr\/en\/corporate\/#primaryimage\"},\"image\":{\"@id\":\"https:\/\/www.borakalip.com.tr\/en\/corporate\/#primaryimage\"},\"thumbnailUrl\":\"https:\/\/www.borakalip.com.tr\/wp-content\/uploads\/2021\/04\/bora_kalip_kurumsal.jpg\",\"datePublished\":\"2021-04-21T07:44:17+00:00\",\"dateModified\":\"2021-04-24T16:47:02+00:00\",\"description\":\"Bora Kal\u0131p Elements has adopted its knowledge and experience to offer quality products to customers by combining advanced technology\",\"breadcrumb\":{\"@id\":\"https:\/\/www.borakalip.com.tr\/en\/corporate\/#breadcrumb\"},\"inLanguage\":\"en-US\",\"potentialAction\":[{\"@type\":\"ReadAction\",\"target\":[\"https:\/\/www.borakalip.com.tr\/en\/corporate\/\"]}]},{\"@type\":\"ImageObject\",\"inLanguage\":\"en-US\",\"@id\":\"https:\/\/www.borakalip.com.tr\/en\/corporate\/#primaryimage\",\"url\":\"https:\/\/www.borakalip.com.tr\/wp-content\/uploads\/2021\/04\/bora_kalip_kurumsal.jpg\",\"contentUrl\":\"https:\/\/www.borakalip.com.tr\/wp-content\/uploads\/2021\/04\/bora_kalip_kurumsal.jpg\",\"width\":1000,\"height\":694},{\"@type\":\"BreadcrumbList\",\"@id\":\"https:\/\/www.borakalip.com.tr\/en\/corporate\/#breadcrumb\",\"itemListElement\":[{\"@type\":\"ListItem\",\"position\":1,\"name\":\"Anasayfa\",\"item\":\"https:\/\/www.borakalip.com.tr\/en\/\"},{\"@type\":\"ListItem\",\"position\":2,\"name\":\"Corporate\"}]},{\"@type\":\"WebSite\",\"@id\":\"https:\/\/www.borakalip.com.tr\/en\/#website\",\"url\":\"https:\/\/www.borakalip.com.tr\/en\/\",\"name\":\"Bora Kal\u0131p\",\"description\":\"Quailty in Gas Spring Cylinders\",\"publisher\":{\"@id\":\"https:\/\/www.borakalip.com.tr\/en\/#organization\"},\"potentialAction\":[{\"@type\":\"SearchAction\",\"target\":{\"@type\":\"EntryPoint\",\"urlTemplate\":\"https:\/\/www.borakalip.com.tr\/en\/?s={search_term_string}\"},\"query-input\":{\"@type\":\"PropertyValueSpecification\",\"valueRequired\":true,\"valueName\":\"search_term_string\"}}],\"inLanguage\":\"en-US\"},{\"@type\":\"Organization\",\"@id\":\"https:\/\/www.borakalip.com.tr\/en\/#organization\",\"name\":\"Bora Kal\u0131p Elemanlar\u0131 San. ve Tic. Ltd. \u015eti\",\"url\":\"https:\/\/www.borakalip.com.tr\/en\/\",\"logo\":{\"@type\":\"ImageObject\",\"inLanguage\":\"en-US\",\"@id\":\"https:\/\/www.borakalip.com.tr\/en\/#\/schema\/logo\/image\/\",\"url\":\"http:\/\/borakalip.com.tr\/wp-content\/uploads\/2021\/04\/BoraKalip.png\",\"contentUrl\":\"http:\/\/borakalip.com.tr\/wp-content\/uploads\/2021\/04\/BoraKalip.png\",\"width\":900,\"height\":900,\"caption\":\"Bora Kal\u0131p Elemanlar\u0131 San. ve Tic. Ltd. \u015eti\"},\"image\":{\"@id\":\"https:\/\/www.borakalip.com.tr\/en\/#\/schema\/logo\/image\/\"},\"sameAs\":[\"https:\/\/www.facebook.com\/BoraKalipElemanlari\/\",\"https:\/\/x.com\/BoraKalip\",\"https:\/\/www.instagram.com\/borakalip\/\"]}]}<\/script>\n<!-- \/ Yoast SEO plugin. -->","yoast_head_json":{"title":"Corporate - Bora Kal\u0131p","description":"Bora Kal\u0131p Elements has adopted its knowledge and experience to offer quality products to customers by combining advanced technology","robots":{"index":"index","follow":"follow","max-snippet":"max-snippet:-1","max-image-preview":"max-image-preview:large","max-video-preview":"max-video-preview:-1"},"canonical":"https:\/\/www.borakalip.com.tr\/en\/corporate\/","og_locale":"en_US","og_type":"article","og_title":"Corporate - Bora Kal\u0131p","og_description":"Bora Kal\u0131p Elements has adopted its knowledge and experience to offer quality products to customers by combining advanced technology","og_url":"https:\/\/www.borakalip.com.tr\/en\/corporate\/","og_site_name":"Bora Kal\u0131p","article_publisher":"https:\/\/www.facebook.com\/BoraKalipElemanlari\/","article_modified_time":"2021-04-24T16:47:02+00:00","og_image":[{"width":1000,"height":694,"url":"https:\/\/www.borakalip.com.tr\/wp-content\/uploads\/2021\/04\/bora_kalip_kurumsal.jpg","type":"image\/jpeg"}],"twitter_card":"summary_large_image","twitter_site":"@BoraKalip","twitter_misc":{"Est. reading time":"2 minutes"},"schema":{"@context":"https:\/\/schema.org","@graph":[{"@type":"WebPage","@id":"https:\/\/www.borakalip.com.tr\/en\/corporate\/","url":"https:\/\/www.borakalip.com.tr\/en\/corporate\/","name":"Corporate - Bora Kal\u0131p","isPartOf":{"@id":"https:\/\/www.borakalip.com.tr\/en\/#website"},"primaryImageOfPage":{"@id":"https:\/\/www.borakalip.com.tr\/en\/corporate\/#primaryimage"},"image":{"@id":"https:\/\/www.borakalip.com.tr\/en\/corporate\/#primaryimage"},"thumbnailUrl":"https:\/\/www.borakalip.com.tr\/wp-content\/uploads\/2021\/04\/bora_kalip_kurumsal.jpg","datePublished":"2021-04-21T07:44:17+00:00","dateModified":"2021-04-24T16:47:02+00:00","description":"Bora Kal\u0131p Elements has adopted its knowledge and experience to offer quality products to customers by combining advanced technology","breadcrumb":{"@id":"https:\/\/www.borakalip.com.tr\/en\/corporate\/#breadcrumb"},"inLanguage":"en-US","potentialAction":[{"@type":"ReadAction","target":["https:\/\/www.borakalip.com.tr\/en\/corporate\/"]}]},{"@type":"ImageObject","inLanguage":"en-US","@id":"https:\/\/www.borakalip.com.tr\/en\/corporate\/#primaryimage","url":"https:\/\/www.borakalip.com.tr\/wp-content\/uploads\/2021\/04\/bora_kalip_kurumsal.jpg","contentUrl":"https:\/\/www.borakalip.com.tr\/wp-content\/uploads\/2021\/04\/bora_kalip_kurumsal.jpg","width":1000,"height":694},{"@type":"BreadcrumbList","@id":"https:\/\/www.borakalip.com.tr\/en\/corporate\/#breadcrumb","itemListElement":[{"@type":"ListItem","position":1,"name":"Anasayfa","item":"https:\/\/www.borakalip.com.tr\/en\/"},{"@type":"ListItem","position":2,"name":"Corporate"}]},{"@type":"WebSite","@id":"https:\/\/www.borakalip.com.tr\/en\/#website","url":"https:\/\/www.borakalip.com.tr\/en\/","name":"Bora Kal\u0131p","description":"Quailty in Gas Spring Cylinders","publisher":{"@id":"https:\/\/www.borakalip.com.tr\/en\/#organization"},"potentialAction":[{"@type":"SearchAction","target":{"@type":"EntryPoint","urlTemplate":"https:\/\/www.borakalip.com.tr\/en\/?s={search_term_string}"},"query-input":{"@type":"PropertyValueSpecification","valueRequired":true,"valueName":"search_term_string"}}],"inLanguage":"en-US"},{"@type":"Organization","@id":"https:\/\/www.borakalip.com.tr\/en\/#organization","name":"Bora Kal\u0131p Elemanlar\u0131 San. ve Tic. Ltd. \u015eti","url":"https:\/\/www.borakalip.com.tr\/en\/","logo":{"@type":"ImageObject","inLanguage":"en-US","@id":"https:\/\/www.borakalip.com.tr\/en\/#\/schema\/logo\/image\/","url":"http:\/\/borakalip.com.tr\/wp-content\/uploads\/2021\/04\/BoraKalip.png","contentUrl":"http:\/\/borakalip.com.tr\/wp-content\/uploads\/2021\/04\/BoraKalip.png","width":900,"height":900,"caption":"Bora Kal\u0131p Elemanlar\u0131 San. ve Tic. Ltd. \u015eti"},"image":{"@id":"https:\/\/www.borakalip.com.tr\/en\/#\/schema\/logo\/image\/"},"sameAs":["https:\/\/www.facebook.com\/BoraKalipElemanlari\/","https:\/\/x.com\/BoraKalip","https:\/\/www.instagram.com\/borakalip\/"]}]}},"_links":{"self":[{"href":"https:\/\/www.borakalip.com.tr\/en\/wp-json\/wp\/v2\/pages\/159","targetHints":{"allow":["GET"]}}],"collection":[{"href":"https:\/\/www.borakalip.com.tr\/en\/wp-json\/wp\/v2\/pages"}],"about":[{"href":"https:\/\/www.borakalip.com.tr\/en\/wp-json\/wp\/v2\/types\/page"}],"author":[{"embeddable":true,"href":"https:\/\/www.borakalip.com.tr\/en\/wp-json\/wp\/v2\/users\/1"}],"replies":[{"embeddable":true,"href":"https:\/\/www.borakalip.com.tr\/en\/wp-json\/wp\/v2\/comments?post=159"}],"version-history":[{"count":6,"href":"https:\/\/www.borakalip.com.tr\/en\/wp-json\/wp\/v2\/pages\/159\/revisions"}],"predecessor-version":[{"id":294,"href":"https:\/\/www.borakalip.com.tr\/en\/wp-json\/wp\/v2\/pages\/159\/revisions\/294"}],"wp:featuredmedia":[{"embeddable":true,"href":"https:\/\/www.borakalip.com.tr\/en\/wp-json\/wp\/v2\/media\/266"}],"wp:attachment":[{"href":"https:\/\/www.borakalip.com.tr\/en\/wp-json\/wp\/v2\/media?parent=159"}],"curies":[{"name":"wp","href":"https:\/\/api.w.org\/{rel}","templated":true}]}}