{"id":151,"date":"2021-04-21T10:33:24","date_gmt":"2021-04-21T07:33:24","guid":{"rendered":"https:\/\/www.borakalip.com.tr\/?page_id=151"},"modified":"2021-06-07T12:12:15","modified_gmt":"2021-06-07T09:12:15","slug":"2d3d-drawings","status":"publish","type":"page","link":"https:\/\/www.borakalip.com.tr\/en\/2d3d-drawings\/","title":{"rendered":"2D&#038;3D Drawings"},"content":{"rendered":"\n<p>You can download 2 and 3 dimensional drawings \/ templates below<\/p>\n\n\n\n<figure class=\"wp-block-table\"><table><tbody><tr><td><img loading=\"lazy\" decoding=\"async\" width=\"150\" height=\"150\" class=\"wp-image-67\" style=\"width: 150px;\" src=\"http:\/\/borakalip.com.tr\/wp-content\/uploads\/2021\/04\/Catia.png\" alt=\"\" srcset=\"https:\/\/www.borakalip.com.tr\/wp-content\/uploads\/2021\/04\/Catia.png 250w, https:\/\/www.borakalip.com.tr\/wp-content\/uploads\/2021\/04\/Catia-150x150.png 150w\" sizes=\"auto, (max-width: 150px) 100vw, 150px\" \/><\/td><td><strong>3D Model (CATPart)        <\/strong>      <\/td><td><strong><a href=\"https:\/\/borakalip.com.tr\/wp-content\/uploads\/2021\/04\/3d-kati-model-catia-part.zip\">DOWNLOAD<\/a>         <\/strong><\/td><\/tr><tr><td><img loading=\"lazy\" decoding=\"async\" width=\"150\" height=\"150\" class=\"wp-image-69\" style=\"width: 150px;\" src=\"http:\/\/borakalip.com.tr\/wp-content\/uploads\/2021\/04\/IGES.png\" alt=\"\" srcset=\"https:\/\/www.borakalip.com.tr\/wp-content\/uploads\/2021\/04\/IGES.png 250w, https:\/\/www.borakalip.com.tr\/wp-content\/uploads\/2021\/04\/IGES-150x150.png 150w\" sizes=\"auto, (max-width: 150px) 100vw, 150px\" \/><\/td><td><strong>3D Solid Model (\u0130GS)<\/strong>   <\/td><td><a href=\"https:\/\/borakalip.com.tr\/wp-content\/uploads\/2021\/04\/3d-kati-model-igs.zip\"><strong>DOWNLOAD<\/strong><\/a><\/td><\/tr><tr><td><img loading=\"lazy\" decoding=\"async\" width=\"150\" height=\"150\" class=\"wp-image-68\" style=\"width: 150px;\" src=\"http:\/\/borakalip.com.tr\/wp-content\/uploads\/2021\/04\/DWG.png\" alt=\"\" srcset=\"https:\/\/www.borakalip.com.tr\/wp-content\/uploads\/2021\/04\/DWG.png 250w, https:\/\/www.borakalip.com.tr\/wp-content\/uploads\/2021\/04\/DWG-150x150.png 150w\" sizes=\"auto, (max-width: 150px) 100vw, 150px\" \/><\/td><td><strong>2D Model (DWG)<\/strong><\/td><td><strong><a href=\"https:\/\/borakalip.com.tr\/wp-content\/uploads\/2021\/04\/2d-model-dwg.zip\">DOWNLOAD<\/a><\/strong><\/td><\/tr><\/tbody><\/table><\/figure>\n\n\n\n<p><\/p>\n","protected":false},"excerpt":{"rendered":"<p>You can download 2 and 3 dimensional drawings \/ templates below 3D Model (CATPart) DOWNLOAD 3D Solid Model (\u0130GS) DOWNLOAD 2D Model (DWG) DOWNLOAD<\/p>\n","protected":false},"author":1,"featured_media":0,"parent":0,"menu_order":0,"comment_status":"closed","ping_status":"closed","template":"","meta":{"footnotes":""},"class_list":["post-151","page","type-page","status-publish","hentry"],"yoast_head":"<!-- This site is optimized with the Yoast SEO plugin v26.4 - https:\/\/yoast.com\/wordpress\/plugins\/seo\/ -->\n<title>2D&amp;3D Drawings - Bora Kal\u0131p<\/title>\n<meta name=\"robots\" content=\"index, follow, max-snippet:-1, max-image-preview:large, max-video-preview:-1\" \/>\n<link rel=\"canonical\" href=\"https:\/\/www.borakalip.com.tr\/en\/2d3d-drawings\/\" \/>\n<meta property=\"og:locale\" content=\"en_US\" \/>\n<meta property=\"og:type\" content=\"article\" \/>\n<meta property=\"og:title\" content=\"2D&amp;3D Drawings - Bora Kal\u0131p\" \/>\n<meta property=\"og:description\" content=\"You can download 2 and 3 dimensional drawings \/ templates below 3D Model (CATPart) DOWNLOAD 3D Solid Model (\u0130GS) DOWNLOAD 2D Model (DWG) DOWNLOAD\" \/>\n<meta property=\"og:url\" content=\"https:\/\/www.borakalip.com.tr\/en\/2d3d-drawings\/\" \/>\n<meta property=\"og:site_name\" content=\"Bora Kal\u0131p\" \/>\n<meta property=\"article:publisher\" content=\"https:\/\/www.facebook.com\/BoraKalipElemanlari\/\" \/>\n<meta property=\"article:modified_time\" content=\"2021-06-07T09:12:15+00:00\" \/>\n<meta property=\"og:image\" content=\"http:\/\/borakalip.com.tr\/wp-content\/uploads\/2021\/04\/Catia.png\" \/>\n<meta name=\"twitter:card\" content=\"summary_large_image\" \/>\n<meta name=\"twitter:site\" content=\"@BoraKalip\" \/>\n<meta name=\"twitter:label1\" content=\"Est. reading time\" \/>\n\t<meta name=\"twitter:data1\" content=\"1 minute\" \/>\n<script type=\"application\/ld+json\" class=\"yoast-schema-graph\">{\"@context\":\"https:\/\/schema.org\",\"@graph\":[{\"@type\":\"WebPage\",\"@id\":\"https:\/\/www.borakalip.com.tr\/en\/2d3d-drawings\/\",\"url\":\"https:\/\/www.borakalip.com.tr\/en\/2d3d-drawings\/\",\"name\":\"2D&3D Drawings - Bora Kal\u0131p\",\"isPartOf\":{\"@id\":\"https:\/\/www.borakalip.com.tr\/en\/#website\"},\"primaryImageOfPage\":{\"@id\":\"https:\/\/www.borakalip.com.tr\/en\/2d3d-drawings\/#primaryimage\"},\"image\":{\"@id\":\"https:\/\/www.borakalip.com.tr\/en\/2d3d-drawings\/#primaryimage\"},\"thumbnailUrl\":\"http:\/\/borakalip.com.tr\/wp-content\/uploads\/2021\/04\/Catia.png\",\"datePublished\":\"2021-04-21T07:33:24+00:00\",\"dateModified\":\"2021-06-07T09:12:15+00:00\",\"breadcrumb\":{\"@id\":\"https:\/\/www.borakalip.com.tr\/en\/2d3d-drawings\/#breadcrumb\"},\"inLanguage\":\"en-US\",\"potentialAction\":[{\"@type\":\"ReadAction\",\"target\":[\"https:\/\/www.borakalip.com.tr\/en\/2d3d-drawings\/\"]}]},{\"@type\":\"ImageObject\",\"inLanguage\":\"en-US\",\"@id\":\"https:\/\/www.borakalip.com.tr\/en\/2d3d-drawings\/#primaryimage\",\"url\":\"http:\/\/borakalip.com.tr\/wp-content\/uploads\/2021\/04\/Catia.png\",\"contentUrl\":\"http:\/\/borakalip.com.tr\/wp-content\/uploads\/2021\/04\/Catia.png\"},{\"@type\":\"BreadcrumbList\",\"@id\":\"https:\/\/www.borakalip.com.tr\/en\/2d3d-drawings\/#breadcrumb\",\"itemListElement\":[{\"@type\":\"ListItem\",\"position\":1,\"name\":\"Anasayfa\",\"item\":\"https:\/\/www.borakalip.com.tr\/en\/\"},{\"@type\":\"ListItem\",\"position\":2,\"name\":\"2D&#038;3D Drawings\"}]},{\"@type\":\"WebSite\",\"@id\":\"https:\/\/www.borakalip.com.tr\/en\/#website\",\"url\":\"https:\/\/www.borakalip.com.tr\/en\/\",\"name\":\"Bora Kal\u0131p\",\"description\":\"Quailty in Gas Spring Cylinders\",\"publisher\":{\"@id\":\"https:\/\/www.borakalip.com.tr\/en\/#organization\"},\"potentialAction\":[{\"@type\":\"SearchAction\",\"target\":{\"@type\":\"EntryPoint\",\"urlTemplate\":\"https:\/\/www.borakalip.com.tr\/en\/?s={search_term_string}\"},\"query-input\":{\"@type\":\"PropertyValueSpecification\",\"valueRequired\":true,\"valueName\":\"search_term_string\"}}],\"inLanguage\":\"en-US\"},{\"@type\":\"Organization\",\"@id\":\"https:\/\/www.borakalip.com.tr\/en\/#organization\",\"name\":\"Bora Kal\u0131p Elemanlar\u0131 San. ve Tic. Ltd. \u015eti\",\"url\":\"https:\/\/www.borakalip.com.tr\/en\/\",\"logo\":{\"@type\":\"ImageObject\",\"inLanguage\":\"en-US\",\"@id\":\"https:\/\/www.borakalip.com.tr\/en\/#\/schema\/logo\/image\/\",\"url\":\"http:\/\/borakalip.com.tr\/wp-content\/uploads\/2021\/04\/BoraKalip.png\",\"contentUrl\":\"http:\/\/borakalip.com.tr\/wp-content\/uploads\/2021\/04\/BoraKalip.png\",\"width\":900,\"height\":900,\"caption\":\"Bora Kal\u0131p Elemanlar\u0131 San. ve Tic. Ltd. \u015eti\"},\"image\":{\"@id\":\"https:\/\/www.borakalip.com.tr\/en\/#\/schema\/logo\/image\/\"},\"sameAs\":[\"https:\/\/www.facebook.com\/BoraKalipElemanlari\/\",\"https:\/\/x.com\/BoraKalip\",\"https:\/\/www.instagram.com\/borakalip\/\"]}]}<\/script>\n<!-- \/ Yoast SEO plugin. -->","yoast_head_json":{"title":"2D&3D Drawings - Bora Kal\u0131p","robots":{"index":"index","follow":"follow","max-snippet":"max-snippet:-1","max-image-preview":"max-image-preview:large","max-video-preview":"max-video-preview:-1"},"canonical":"https:\/\/www.borakalip.com.tr\/en\/2d3d-drawings\/","og_locale":"en_US","og_type":"article","og_title":"2D&3D Drawings - Bora Kal\u0131p","og_description":"You can download 2 and 3 dimensional drawings \/ templates below 3D Model (CATPart) DOWNLOAD 3D Solid Model (\u0130GS) DOWNLOAD 2D Model (DWG) DOWNLOAD","og_url":"https:\/\/www.borakalip.com.tr\/en\/2d3d-drawings\/","og_site_name":"Bora Kal\u0131p","article_publisher":"https:\/\/www.facebook.com\/BoraKalipElemanlari\/","article_modified_time":"2021-06-07T09:12:15+00:00","og_image":[{"url":"http:\/\/borakalip.com.tr\/wp-content\/uploads\/2021\/04\/Catia.png","type":"","width":"","height":""}],"twitter_card":"summary_large_image","twitter_site":"@BoraKalip","twitter_misc":{"Est. reading time":"1 minute"},"schema":{"@context":"https:\/\/schema.org","@graph":[{"@type":"WebPage","@id":"https:\/\/www.borakalip.com.tr\/en\/2d3d-drawings\/","url":"https:\/\/www.borakalip.com.tr\/en\/2d3d-drawings\/","name":"2D&3D Drawings - Bora Kal\u0131p","isPartOf":{"@id":"https:\/\/www.borakalip.com.tr\/en\/#website"},"primaryImageOfPage":{"@id":"https:\/\/www.borakalip.com.tr\/en\/2d3d-drawings\/#primaryimage"},"image":{"@id":"https:\/\/www.borakalip.com.tr\/en\/2d3d-drawings\/#primaryimage"},"thumbnailUrl":"http:\/\/borakalip.com.tr\/wp-content\/uploads\/2021\/04\/Catia.png","datePublished":"2021-04-21T07:33:24+00:00","dateModified":"2021-06-07T09:12:15+00:00","breadcrumb":{"@id":"https:\/\/www.borakalip.com.tr\/en\/2d3d-drawings\/#breadcrumb"},"inLanguage":"en-US","potentialAction":[{"@type":"ReadAction","target":["https:\/\/www.borakalip.com.tr\/en\/2d3d-drawings\/"]}]},{"@type":"ImageObject","inLanguage":"en-US","@id":"https:\/\/www.borakalip.com.tr\/en\/2d3d-drawings\/#primaryimage","url":"http:\/\/borakalip.com.tr\/wp-content\/uploads\/2021\/04\/Catia.png","contentUrl":"http:\/\/borakalip.com.tr\/wp-content\/uploads\/2021\/04\/Catia.png"},{"@type":"BreadcrumbList","@id":"https:\/\/www.borakalip.com.tr\/en\/2d3d-drawings\/#breadcrumb","itemListElement":[{"@type":"ListItem","position":1,"name":"Anasayfa","item":"https:\/\/www.borakalip.com.tr\/en\/"},{"@type":"ListItem","position":2,"name":"2D&#038;3D Drawings"}]},{"@type":"WebSite","@id":"https:\/\/www.borakalip.com.tr\/en\/#website","url":"https:\/\/www.borakalip.com.tr\/en\/","name":"Bora Kal\u0131p","description":"Quailty in Gas Spring Cylinders","publisher":{"@id":"https:\/\/www.borakalip.com.tr\/en\/#organization"},"potentialAction":[{"@type":"SearchAction","target":{"@type":"EntryPoint","urlTemplate":"https:\/\/www.borakalip.com.tr\/en\/?s={search_term_string}"},"query-input":{"@type":"PropertyValueSpecification","valueRequired":true,"valueName":"search_term_string"}}],"inLanguage":"en-US"},{"@type":"Organization","@id":"https:\/\/www.borakalip.com.tr\/en\/#organization","name":"Bora Kal\u0131p Elemanlar\u0131 San. ve Tic. Ltd. \u015eti","url":"https:\/\/www.borakalip.com.tr\/en\/","logo":{"@type":"ImageObject","inLanguage":"en-US","@id":"https:\/\/www.borakalip.com.tr\/en\/#\/schema\/logo\/image\/","url":"http:\/\/borakalip.com.tr\/wp-content\/uploads\/2021\/04\/BoraKalip.png","contentUrl":"http:\/\/borakalip.com.tr\/wp-content\/uploads\/2021\/04\/BoraKalip.png","width":900,"height":900,"caption":"Bora Kal\u0131p Elemanlar\u0131 San. ve Tic. Ltd. \u015eti"},"image":{"@id":"https:\/\/www.borakalip.com.tr\/en\/#\/schema\/logo\/image\/"},"sameAs":["https:\/\/www.facebook.com\/BoraKalipElemanlari\/","https:\/\/x.com\/BoraKalip","https:\/\/www.instagram.com\/borakalip\/"]}]}},"_links":{"self":[{"href":"https:\/\/www.borakalip.com.tr\/en\/wp-json\/wp\/v2\/pages\/151","targetHints":{"allow":["GET"]}}],"collection":[{"href":"https:\/\/www.borakalip.com.tr\/en\/wp-json\/wp\/v2\/pages"}],"about":[{"href":"https:\/\/www.borakalip.com.tr\/en\/wp-json\/wp\/v2\/types\/page"}],"author":[{"embeddable":true,"href":"https:\/\/www.borakalip.com.tr\/en\/wp-json\/wp\/v2\/users\/1"}],"replies":[{"embeddable":true,"href":"https:\/\/www.borakalip.com.tr\/en\/wp-json\/wp\/v2\/comments?post=151"}],"version-history":[{"count":3,"href":"https:\/\/www.borakalip.com.tr\/en\/wp-json\/wp\/v2\/pages\/151\/revisions"}],"predecessor-version":[{"id":325,"href":"https:\/\/www.borakalip.com.tr\/en\/wp-json\/wp\/v2\/pages\/151\/revisions\/325"}],"wp:attachment":[{"href":"https:\/\/www.borakalip.com.tr\/en\/wp-json\/wp\/v2\/media?parent=151"}],"curies":[{"name":"wp","href":"https:\/\/api.w.org\/{rel}","templated":true}]}}