{"id":147,"date":"2021-04-21T10:29:43","date_gmt":"2021-04-21T07:29:43","guid":{"rendered":"https:\/\/www.borakalip.com.tr\/?page_id=147"},"modified":"2021-04-24T19:59:49","modified_gmt":"2021-04-24T16:59:49","slug":"privacy-policy","status":"publish","type":"page","link":"https:\/\/www.borakalip.com.tr\/en\/privacy-policy\/","title":{"rendered":"Privacy Policy"},"content":{"rendered":"\n<p><strong>Who We Are<\/strong><\/p>\n\n\n\n<p>As Bora Kal\u0131p Elemanlar\u0131 Sanayi ve Ticaret Limited \u015eirketi<\/p>\n\n\n\n<p>Our website address is: http:\/\/borakalip.com.tr. Hence on, our website name and company name will be briefly stated as &#8220;Bora Kal\u0131p&#8221; in the subtext.<\/p>\n\n\n\n<p><strong>Comments<\/strong><\/p>\n\n\n\n<p>When visitors leave comments on the site, we collect the data shown in the comments form, as well as the visitor&#8217;s IP address and browser information to help spam detection.<\/p>\n\n\n\n<p>An anonymised text (also called hash) generated from user email address can be checked to see if the user is using the service. The privacy policy of our service is at the following address: http:\/\/borakalip.com.tr\/gizlilik-politikasi After a comment is approved, user profile picture will be visible to everyone with that comment.<\/p>\n\n\n\n<p><strong>Environment<\/strong><\/p>\n\n\n\n<p>When uploading images to the website, visitors should avoid uploading images with embedded location data (EXIF GPS). Website visitors can download and extract any location information from images on the website.<\/p>\n\n\n\n<p><strong>Cookies<\/strong><\/p>\n\n\n\n<p>If a visitor leaves a comment on our site, they may choose to save their name, email address and website in cookies. These aim visitor convenience, so frequent users don&#8217;t have to fill in their details again when they leave another comment. These cookies shall be saved for one year.<\/p>\n\n\n\n<p>If a user visits our home page, we will set a temporary cookie to determine whether their browser accepts cookies. This cookie contains no personal data and is deleted when visitor closes their browser window.<\/p>\n\n\n\n<p>When a user logs in, we will set several cookies to save their login information and screen display choices. Login cookies last for two days and screen options cookies last for one year. If users select &#8220;Remember me&#8221;, option their login status will continue for two weeks. If they log out of their account, login cookies will be removed.<\/p>\n\n\n\n<p>If a user edits or publishes an article, an additional cookie will be saved in their browser. This cookie does not contain any personal data and simply indicates the post ID of the article they just edited. It expires after 1 day.<\/p>\n\n\n\n<p><strong>Content Embedded From Other Sites<\/strong><\/p>\n\n\n\n<p>Articles on this site may contain embedded content (eg videos, images, articles, etc.). Embedded content from other websites proceeds exactly the same as if the visitor visited another website.<\/p>\n\n\n\n<p>These websites may collect data about the user, use cookies, track embedded content by a third party, and track user interaction with this embedded content, if they have an account and are logged into this website.<\/p>\n\n\n\n<p><strong>How We Share User Data<\/strong><\/p>\n\n\n\n<p>When users request a password reset, their IP address will be attached to the reset email.<\/p>\n\n\n\n<p><strong>How Long We Store Data<\/strong><\/p>\n\n\n\n<p>If users leave a comment, the comment and its metadata will be stored indefinitely. This way, we can automatically recognize and approve users\u2019 follow-up comments instead of keeping them in the moderation queue.<\/p>\n\n\n\n<p>For users who register on our website (if any), we also store the personal information they provide in their user profile. All users can view, edit or delete their personal information at any time (except changing their username). Website administrators can also view and edit this information.<\/p>\n\n\n\n<p><strong>User Rights Over Their Data<\/strong><\/p>\n\n\n\n<p>If users have an account or have comments on this site, they can request to receive an exported file of the personal data we store for them, including the data that they have provided us. They can also request us to erase any personal data we store about them. This does not include any data we are obliged to keep for administrative, legal or security purposes.<\/p>\n\n\n\n<p><strong>How We Process Data<\/strong><\/p>\n\n\n\n<p>Visitor comments can be checked through an automatic spam detection service.<\/p>\n\n\n\n<p>Although Bora Kal\u0131p reserves the right to delete, publish \/ not publish the comments made on the site, it cannot be held responsible for any situations that may arise regarding the comments.<\/p>\n","protected":false},"excerpt":{"rendered":"<p>Who We Are As Bora Kal\u0131p Elemanlar\u0131 Sanayi ve Ticaret Limited \u015eirketi Our website address is: http:\/\/borakalip.com.tr. Hence on, our website name and company name will be briefly stated as &#8220;Bora Kal\u0131p&#8221; in the subtext. Comments When visitors leave comments on the site, we collect the data shown in the comments form, as well as [&hellip;]<\/p>\n","protected":false},"author":1,"featured_media":0,"parent":0,"menu_order":0,"comment_status":"closed","ping_status":"open","template":"","meta":{"footnotes":""},"class_list":["post-147","page","type-page","status-publish","hentry"],"yoast_head":"<!-- This site is optimized with the Yoast SEO plugin v26.4 - https:\/\/yoast.com\/wordpress\/plugins\/seo\/ -->\n<title>Privacy Policy - Bora Kal\u0131p<\/title>\n<meta name=\"description\" content=\"Bora Kalip Compan&#039;s privacy policy\" \/>\n<meta name=\"robots\" content=\"index, follow, max-snippet:-1, max-image-preview:large, max-video-preview:-1\" \/>\n<link rel=\"canonical\" href=\"https:\/\/www.borakalip.com.tr\/en\/privacy-policy\/\" \/>\n<meta property=\"og:locale\" content=\"en_US\" \/>\n<meta property=\"og:type\" content=\"article\" \/>\n<meta property=\"og:title\" content=\"Privacy Policy - Bora Kal\u0131p\" \/>\n<meta property=\"og:description\" content=\"Bora Kalip Compan&#039;s privacy policy\" \/>\n<meta property=\"og:url\" content=\"https:\/\/www.borakalip.com.tr\/en\/privacy-policy\/\" \/>\n<meta property=\"og:site_name\" content=\"Bora Kal\u0131p\" \/>\n<meta property=\"article:publisher\" content=\"https:\/\/www.facebook.com\/BoraKalipElemanlari\/\" \/>\n<meta property=\"article:modified_time\" content=\"2021-04-24T16:59:49+00:00\" \/>\n<meta name=\"twitter:card\" content=\"summary_large_image\" \/>\n<meta name=\"twitter:site\" content=\"@BoraKalip\" \/>\n<meta name=\"twitter:label1\" content=\"Est. reading time\" \/>\n\t<meta name=\"twitter:data1\" content=\"3 minutes\" \/>\n<script type=\"application\/ld+json\" class=\"yoast-schema-graph\">{\"@context\":\"https:\/\/schema.org\",\"@graph\":[{\"@type\":\"WebPage\",\"@id\":\"https:\/\/www.borakalip.com.tr\/en\/privacy-policy\/\",\"url\":\"https:\/\/www.borakalip.com.tr\/en\/privacy-policy\/\",\"name\":\"Privacy Policy - Bora Kal\u0131p\",\"isPartOf\":{\"@id\":\"https:\/\/www.borakalip.com.tr\/en\/#website\"},\"datePublished\":\"2021-04-21T07:29:43+00:00\",\"dateModified\":\"2021-04-24T16:59:49+00:00\",\"description\":\"Bora Kalip Compan's privacy policy\",\"breadcrumb\":{\"@id\":\"https:\/\/www.borakalip.com.tr\/en\/privacy-policy\/#breadcrumb\"},\"inLanguage\":\"en-US\",\"potentialAction\":[{\"@type\":\"ReadAction\",\"target\":[\"https:\/\/www.borakalip.com.tr\/en\/privacy-policy\/\"]}]},{\"@type\":\"BreadcrumbList\",\"@id\":\"https:\/\/www.borakalip.com.tr\/en\/privacy-policy\/#breadcrumb\",\"itemListElement\":[{\"@type\":\"ListItem\",\"position\":1,\"name\":\"Anasayfa\",\"item\":\"https:\/\/www.borakalip.com.tr\/en\/\"},{\"@type\":\"ListItem\",\"position\":2,\"name\":\"Privacy Policy\"}]},{\"@type\":\"WebSite\",\"@id\":\"https:\/\/www.borakalip.com.tr\/en\/#website\",\"url\":\"https:\/\/www.borakalip.com.tr\/en\/\",\"name\":\"Bora Kal\u0131p\",\"description\":\"Quailty in Gas Spring Cylinders\",\"publisher\":{\"@id\":\"https:\/\/www.borakalip.com.tr\/en\/#organization\"},\"potentialAction\":[{\"@type\":\"SearchAction\",\"target\":{\"@type\":\"EntryPoint\",\"urlTemplate\":\"https:\/\/www.borakalip.com.tr\/en\/?s={search_term_string}\"},\"query-input\":{\"@type\":\"PropertyValueSpecification\",\"valueRequired\":true,\"valueName\":\"search_term_string\"}}],\"inLanguage\":\"en-US\"},{\"@type\":\"Organization\",\"@id\":\"https:\/\/www.borakalip.com.tr\/en\/#organization\",\"name\":\"Bora Kal\u0131p Elemanlar\u0131 San. ve Tic. Ltd. \u015eti\",\"url\":\"https:\/\/www.borakalip.com.tr\/en\/\",\"logo\":{\"@type\":\"ImageObject\",\"inLanguage\":\"en-US\",\"@id\":\"https:\/\/www.borakalip.com.tr\/en\/#\/schema\/logo\/image\/\",\"url\":\"http:\/\/borakalip.com.tr\/wp-content\/uploads\/2021\/04\/BoraKalip.png\",\"contentUrl\":\"http:\/\/borakalip.com.tr\/wp-content\/uploads\/2021\/04\/BoraKalip.png\",\"width\":900,\"height\":900,\"caption\":\"Bora Kal\u0131p Elemanlar\u0131 San. ve Tic. Ltd. \u015eti\"},\"image\":{\"@id\":\"https:\/\/www.borakalip.com.tr\/en\/#\/schema\/logo\/image\/\"},\"sameAs\":[\"https:\/\/www.facebook.com\/BoraKalipElemanlari\/\",\"https:\/\/x.com\/BoraKalip\",\"https:\/\/www.instagram.com\/borakalip\/\"]}]}<\/script>\n<!-- \/ Yoast SEO plugin. -->","yoast_head_json":{"title":"Privacy Policy - Bora Kal\u0131p","description":"Bora Kalip Compan's privacy policy","robots":{"index":"index","follow":"follow","max-snippet":"max-snippet:-1","max-image-preview":"max-image-preview:large","max-video-preview":"max-video-preview:-1"},"canonical":"https:\/\/www.borakalip.com.tr\/en\/privacy-policy\/","og_locale":"en_US","og_type":"article","og_title":"Privacy Policy - Bora Kal\u0131p","og_description":"Bora Kalip Compan's privacy policy","og_url":"https:\/\/www.borakalip.com.tr\/en\/privacy-policy\/","og_site_name":"Bora Kal\u0131p","article_publisher":"https:\/\/www.facebook.com\/BoraKalipElemanlari\/","article_modified_time":"2021-04-24T16:59:49+00:00","twitter_card":"summary_large_image","twitter_site":"@BoraKalip","twitter_misc":{"Est. reading time":"3 minutes"},"schema":{"@context":"https:\/\/schema.org","@graph":[{"@type":"WebPage","@id":"https:\/\/www.borakalip.com.tr\/en\/privacy-policy\/","url":"https:\/\/www.borakalip.com.tr\/en\/privacy-policy\/","name":"Privacy Policy - Bora Kal\u0131p","isPartOf":{"@id":"https:\/\/www.borakalip.com.tr\/en\/#website"},"datePublished":"2021-04-21T07:29:43+00:00","dateModified":"2021-04-24T16:59:49+00:00","description":"Bora Kalip Compan's privacy policy","breadcrumb":{"@id":"https:\/\/www.borakalip.com.tr\/en\/privacy-policy\/#breadcrumb"},"inLanguage":"en-US","potentialAction":[{"@type":"ReadAction","target":["https:\/\/www.borakalip.com.tr\/en\/privacy-policy\/"]}]},{"@type":"BreadcrumbList","@id":"https:\/\/www.borakalip.com.tr\/en\/privacy-policy\/#breadcrumb","itemListElement":[{"@type":"ListItem","position":1,"name":"Anasayfa","item":"https:\/\/www.borakalip.com.tr\/en\/"},{"@type":"ListItem","position":2,"name":"Privacy Policy"}]},{"@type":"WebSite","@id":"https:\/\/www.borakalip.com.tr\/en\/#website","url":"https:\/\/www.borakalip.com.tr\/en\/","name":"Bora Kal\u0131p","description":"Quailty in Gas Spring Cylinders","publisher":{"@id":"https:\/\/www.borakalip.com.tr\/en\/#organization"},"potentialAction":[{"@type":"SearchAction","target":{"@type":"EntryPoint","urlTemplate":"https:\/\/www.borakalip.com.tr\/en\/?s={search_term_string}"},"query-input":{"@type":"PropertyValueSpecification","valueRequired":true,"valueName":"search_term_string"}}],"inLanguage":"en-US"},{"@type":"Organization","@id":"https:\/\/www.borakalip.com.tr\/en\/#organization","name":"Bora Kal\u0131p Elemanlar\u0131 San. ve Tic. Ltd. \u015eti","url":"https:\/\/www.borakalip.com.tr\/en\/","logo":{"@type":"ImageObject","inLanguage":"en-US","@id":"https:\/\/www.borakalip.com.tr\/en\/#\/schema\/logo\/image\/","url":"http:\/\/borakalip.com.tr\/wp-content\/uploads\/2021\/04\/BoraKalip.png","contentUrl":"http:\/\/borakalip.com.tr\/wp-content\/uploads\/2021\/04\/BoraKalip.png","width":900,"height":900,"caption":"Bora Kal\u0131p Elemanlar\u0131 San. ve Tic. Ltd. \u015eti"},"image":{"@id":"https:\/\/www.borakalip.com.tr\/en\/#\/schema\/logo\/image\/"},"sameAs":["https:\/\/www.facebook.com\/BoraKalipElemanlari\/","https:\/\/x.com\/BoraKalip","https:\/\/www.instagram.com\/borakalip\/"]}]}},"_links":{"self":[{"href":"https:\/\/www.borakalip.com.tr\/en\/wp-json\/wp\/v2\/pages\/147","targetHints":{"allow":["GET"]}}],"collection":[{"href":"https:\/\/www.borakalip.com.tr\/en\/wp-json\/wp\/v2\/pages"}],"about":[{"href":"https:\/\/www.borakalip.com.tr\/en\/wp-json\/wp\/v2\/types\/page"}],"author":[{"embeddable":true,"href":"https:\/\/www.borakalip.com.tr\/en\/wp-json\/wp\/v2\/users\/1"}],"replies":[{"embeddable":true,"href":"https:\/\/www.borakalip.com.tr\/en\/wp-json\/wp\/v2\/comments?post=147"}],"version-history":[{"count":4,"href":"https:\/\/www.borakalip.com.tr\/en\/wp-json\/wp\/v2\/pages\/147\/revisions"}],"predecessor-version":[{"id":305,"href":"https:\/\/www.borakalip.com.tr\/en\/wp-json\/wp\/v2\/pages\/147\/revisions\/305"}],"wp:attachment":[{"href":"https:\/\/www.borakalip.com.tr\/en\/wp-json\/wp\/v2\/media?parent=147"}],"curies":[{"name":"wp","href":"https:\/\/api.w.org\/{rel}","templated":true}]}}