{"id":143,"date":"2021-04-21T10:27:25","date_gmt":"2021-04-21T07:27:25","guid":{"rendered":"https:\/\/www.borakalip.com.tr\/?page_id=143"},"modified":"2021-04-24T19:52:44","modified_gmt":"2021-04-24T16:52:44","slug":"development-process","status":"publish","type":"page","link":"https:\/\/www.borakalip.com.tr\/en\/development-process\/","title":{"rendered":"Development Process"},"content":{"rendered":"\n<p>As Bora Kal\u0131p Elements, we consider constant close contact and cooperation in our sector and with our clients as one of the main factors of our development. We highly care for the benefits our products create in easing our clients\u2019 work.<\/p>\n\n\n\n<p>In this context, by establishing a strong perspective on concepts of change, transformation and development as being some of the core elements of production process, we have sincerely adopted The Kaizen Technique and Philosophy, which has contributed to Japanese success in many business areas. As Bora Mold Elements, we try to apply the Kaizen Philosophy not only in our production process but also in every unit of our company and in our overall development. With this approach, we deem small and continuous progress as a major contributor to success.<\/p>\n\n\n\n<figure class=\"wp-block-image size-large\"><img loading=\"lazy\" decoding=\"async\" width=\"1024\" height=\"576\" src=\"https:\/\/www.borakalip.com.tr\/wp-content\/uploads\/2021\/04\/Borakalip_development_process-1024x576.jpg\" alt=\"\" class=\"wp-image-144\" srcset=\"https:\/\/www.borakalip.com.tr\/wp-content\/uploads\/2021\/04\/Borakalip_development_process-1024x576.jpg 1024w, https:\/\/www.borakalip.com.tr\/wp-content\/uploads\/2021\/04\/Borakalip_development_process-300x169.jpg 300w, https:\/\/www.borakalip.com.tr\/wp-content\/uploads\/2021\/04\/Borakalip_development_process-768x432.jpg 768w, https:\/\/www.borakalip.com.tr\/wp-content\/uploads\/2021\/04\/Borakalip_development_process.jpg 1437w\" sizes=\"auto, (max-width: 1024px) 100vw, 1024px\" \/><\/figure>\n\n\n\n<p><strong>Development Process<\/strong><\/p>\n\n\n\n<p>Strong planning, implementing and controlling the quality in the development process with on the spot caution, are among our basic working principles. We take continuous action by implementing our system with our core principle, which is also called the PUKO cycle.<\/p>\n\n\n\n<p>As Bora Kal\u0131p Elements, we also supervise standardization and deem it as a critical action that contributes to our success in our entire work process.<\/p>\n\n\n\n<p>Keywords: # Borakal\u0131p # Development # Process #Kaizen # PUK\u00d6 #Standardization # DevelopmentProcess<\/p>\n","protected":false},"excerpt":{"rendered":"<p>As Bora Kal\u0131p Elements, we consider constant close contact and cooperation in our sector and with our clients as one of the main factors of our development. We highly care for the benefits our products create in easing our clients\u2019 work. In this context, by establishing a strong perspective on concepts of change, transformation and [&hellip;]<\/p>\n","protected":false},"author":1,"featured_media":0,"parent":0,"menu_order":0,"comment_status":"closed","ping_status":"closed","template":"","meta":{"footnotes":""},"class_list":["post-143","page","type-page","status-publish","hentry"],"yoast_head":"<!-- This site is optimized with the Yoast SEO plugin v26.4 - https:\/\/yoast.com\/wordpress\/plugins\/seo\/ -->\n<title>Development Process - Bora Kal\u0131p<\/title>\n<meta name=\"description\" content=\"Bora Kal\u0131p consider it as one of the main factors of our development process that we&#039;re constantly contact with our sector and customers.\" \/>\n<meta name=\"robots\" content=\"index, follow, max-snippet:-1, max-image-preview:large, max-video-preview:-1\" \/>\n<link rel=\"canonical\" href=\"https:\/\/www.borakalip.com.tr\/en\/development-process\/\" \/>\n<meta property=\"og:locale\" content=\"en_US\" \/>\n<meta property=\"og:type\" content=\"article\" \/>\n<meta property=\"og:title\" content=\"Development Process - Bora Kal\u0131p\" \/>\n<meta property=\"og:description\" content=\"Bora Kal\u0131p consider it as one of the main factors of our development process that we&#039;re constantly contact with our sector and customers.\" \/>\n<meta property=\"og:url\" content=\"https:\/\/www.borakalip.com.tr\/en\/development-process\/\" \/>\n<meta property=\"og:site_name\" content=\"Bora Kal\u0131p\" \/>\n<meta property=\"article:publisher\" content=\"https:\/\/www.facebook.com\/BoraKalipElemanlari\/\" \/>\n<meta property=\"article:modified_time\" content=\"2021-04-24T16:52:44+00:00\" \/>\n<meta property=\"og:image\" content=\"https:\/\/www.borakalip.com.tr\/wp-content\/uploads\/2021\/04\/Borakalip_development_process-1024x576.jpg\" \/>\n<meta name=\"twitter:card\" content=\"summary_large_image\" \/>\n<meta name=\"twitter:site\" content=\"@BoraKalip\" \/>\n<meta name=\"twitter:label1\" content=\"Est. reading time\" \/>\n\t<meta name=\"twitter:data1\" content=\"2 minutes\" \/>\n<script type=\"application\/ld+json\" class=\"yoast-schema-graph\">{\"@context\":\"https:\/\/schema.org\",\"@graph\":[{\"@type\":\"WebPage\",\"@id\":\"https:\/\/www.borakalip.com.tr\/en\/development-process\/\",\"url\":\"https:\/\/www.borakalip.com.tr\/en\/development-process\/\",\"name\":\"Development Process - Bora Kal\u0131p\",\"isPartOf\":{\"@id\":\"https:\/\/www.borakalip.com.tr\/en\/#website\"},\"primaryImageOfPage\":{\"@id\":\"https:\/\/www.borakalip.com.tr\/en\/development-process\/#primaryimage\"},\"image\":{\"@id\":\"https:\/\/www.borakalip.com.tr\/en\/development-process\/#primaryimage\"},\"thumbnailUrl\":\"https:\/\/www.borakalip.com.tr\/wp-content\/uploads\/2021\/04\/Borakalip_development_process-1024x576.jpg\",\"datePublished\":\"2021-04-21T07:27:25+00:00\",\"dateModified\":\"2021-04-24T16:52:44+00:00\",\"description\":\"Bora Kal\u0131p consider it as one of the main factors of our development process that we're constantly contact with our sector and customers.\",\"breadcrumb\":{\"@id\":\"https:\/\/www.borakalip.com.tr\/en\/development-process\/#breadcrumb\"},\"inLanguage\":\"en-US\",\"potentialAction\":[{\"@type\":\"ReadAction\",\"target\":[\"https:\/\/www.borakalip.com.tr\/en\/development-process\/\"]}]},{\"@type\":\"ImageObject\",\"inLanguage\":\"en-US\",\"@id\":\"https:\/\/www.borakalip.com.tr\/en\/development-process\/#primaryimage\",\"url\":\"https:\/\/www.borakalip.com.tr\/wp-content\/uploads\/2021\/04\/Borakalip_development_process-1024x576.jpg\",\"contentUrl\":\"https:\/\/www.borakalip.com.tr\/wp-content\/uploads\/2021\/04\/Borakalip_development_process-1024x576.jpg\"},{\"@type\":\"BreadcrumbList\",\"@id\":\"https:\/\/www.borakalip.com.tr\/en\/development-process\/#breadcrumb\",\"itemListElement\":[{\"@type\":\"ListItem\",\"position\":1,\"name\":\"Anasayfa\",\"item\":\"https:\/\/www.borakalip.com.tr\/en\/\"},{\"@type\":\"ListItem\",\"position\":2,\"name\":\"Development Process\"}]},{\"@type\":\"WebSite\",\"@id\":\"https:\/\/www.borakalip.com.tr\/en\/#website\",\"url\":\"https:\/\/www.borakalip.com.tr\/en\/\",\"name\":\"Bora Kal\u0131p\",\"description\":\"Quailty in Gas Spring Cylinders\",\"publisher\":{\"@id\":\"https:\/\/www.borakalip.com.tr\/en\/#organization\"},\"potentialAction\":[{\"@type\":\"SearchAction\",\"target\":{\"@type\":\"EntryPoint\",\"urlTemplate\":\"https:\/\/www.borakalip.com.tr\/en\/?s={search_term_string}\"},\"query-input\":{\"@type\":\"PropertyValueSpecification\",\"valueRequired\":true,\"valueName\":\"search_term_string\"}}],\"inLanguage\":\"en-US\"},{\"@type\":\"Organization\",\"@id\":\"https:\/\/www.borakalip.com.tr\/en\/#organization\",\"name\":\"Bora Kal\u0131p Elemanlar\u0131 San. ve Tic. Ltd. \u015eti\",\"url\":\"https:\/\/www.borakalip.com.tr\/en\/\",\"logo\":{\"@type\":\"ImageObject\",\"inLanguage\":\"en-US\",\"@id\":\"https:\/\/www.borakalip.com.tr\/en\/#\/schema\/logo\/image\/\",\"url\":\"http:\/\/borakalip.com.tr\/wp-content\/uploads\/2021\/04\/BoraKalip.png\",\"contentUrl\":\"http:\/\/borakalip.com.tr\/wp-content\/uploads\/2021\/04\/BoraKalip.png\",\"width\":900,\"height\":900,\"caption\":\"Bora Kal\u0131p Elemanlar\u0131 San. ve Tic. Ltd. \u015eti\"},\"image\":{\"@id\":\"https:\/\/www.borakalip.com.tr\/en\/#\/schema\/logo\/image\/\"},\"sameAs\":[\"https:\/\/www.facebook.com\/BoraKalipElemanlari\/\",\"https:\/\/x.com\/BoraKalip\",\"https:\/\/www.instagram.com\/borakalip\/\"]}]}<\/script>\n<!-- \/ Yoast SEO plugin. -->","yoast_head_json":{"title":"Development Process - Bora Kal\u0131p","description":"Bora Kal\u0131p consider it as one of the main factors of our development process that we're constantly contact with our sector and customers.","robots":{"index":"index","follow":"follow","max-snippet":"max-snippet:-1","max-image-preview":"max-image-preview:large","max-video-preview":"max-video-preview:-1"},"canonical":"https:\/\/www.borakalip.com.tr\/en\/development-process\/","og_locale":"en_US","og_type":"article","og_title":"Development Process - Bora Kal\u0131p","og_description":"Bora Kal\u0131p consider it as one of the main factors of our development process that we're constantly contact with our sector and customers.","og_url":"https:\/\/www.borakalip.com.tr\/en\/development-process\/","og_site_name":"Bora Kal\u0131p","article_publisher":"https:\/\/www.facebook.com\/BoraKalipElemanlari\/","article_modified_time":"2021-04-24T16:52:44+00:00","og_image":[{"url":"https:\/\/www.borakalip.com.tr\/wp-content\/uploads\/2021\/04\/Borakalip_development_process-1024x576.jpg","type":"","width":"","height":""}],"twitter_card":"summary_large_image","twitter_site":"@BoraKalip","twitter_misc":{"Est. reading time":"2 minutes"},"schema":{"@context":"https:\/\/schema.org","@graph":[{"@type":"WebPage","@id":"https:\/\/www.borakalip.com.tr\/en\/development-process\/","url":"https:\/\/www.borakalip.com.tr\/en\/development-process\/","name":"Development Process - Bora Kal\u0131p","isPartOf":{"@id":"https:\/\/www.borakalip.com.tr\/en\/#website"},"primaryImageOfPage":{"@id":"https:\/\/www.borakalip.com.tr\/en\/development-process\/#primaryimage"},"image":{"@id":"https:\/\/www.borakalip.com.tr\/en\/development-process\/#primaryimage"},"thumbnailUrl":"https:\/\/www.borakalip.com.tr\/wp-content\/uploads\/2021\/04\/Borakalip_development_process-1024x576.jpg","datePublished":"2021-04-21T07:27:25+00:00","dateModified":"2021-04-24T16:52:44+00:00","description":"Bora Kal\u0131p consider it as one of the main factors of our development process that we're constantly contact with our sector and customers.","breadcrumb":{"@id":"https:\/\/www.borakalip.com.tr\/en\/development-process\/#breadcrumb"},"inLanguage":"en-US","potentialAction":[{"@type":"ReadAction","target":["https:\/\/www.borakalip.com.tr\/en\/development-process\/"]}]},{"@type":"ImageObject","inLanguage":"en-US","@id":"https:\/\/www.borakalip.com.tr\/en\/development-process\/#primaryimage","url":"https:\/\/www.borakalip.com.tr\/wp-content\/uploads\/2021\/04\/Borakalip_development_process-1024x576.jpg","contentUrl":"https:\/\/www.borakalip.com.tr\/wp-content\/uploads\/2021\/04\/Borakalip_development_process-1024x576.jpg"},{"@type":"BreadcrumbList","@id":"https:\/\/www.borakalip.com.tr\/en\/development-process\/#breadcrumb","itemListElement":[{"@type":"ListItem","position":1,"name":"Anasayfa","item":"https:\/\/www.borakalip.com.tr\/en\/"},{"@type":"ListItem","position":2,"name":"Development Process"}]},{"@type":"WebSite","@id":"https:\/\/www.borakalip.com.tr\/en\/#website","url":"https:\/\/www.borakalip.com.tr\/en\/","name":"Bora Kal\u0131p","description":"Quailty in Gas Spring Cylinders","publisher":{"@id":"https:\/\/www.borakalip.com.tr\/en\/#organization"},"potentialAction":[{"@type":"SearchAction","target":{"@type":"EntryPoint","urlTemplate":"https:\/\/www.borakalip.com.tr\/en\/?s={search_term_string}"},"query-input":{"@type":"PropertyValueSpecification","valueRequired":true,"valueName":"search_term_string"}}],"inLanguage":"en-US"},{"@type":"Organization","@id":"https:\/\/www.borakalip.com.tr\/en\/#organization","name":"Bora Kal\u0131p Elemanlar\u0131 San. ve Tic. Ltd. \u015eti","url":"https:\/\/www.borakalip.com.tr\/en\/","logo":{"@type":"ImageObject","inLanguage":"en-US","@id":"https:\/\/www.borakalip.com.tr\/en\/#\/schema\/logo\/image\/","url":"http:\/\/borakalip.com.tr\/wp-content\/uploads\/2021\/04\/BoraKalip.png","contentUrl":"http:\/\/borakalip.com.tr\/wp-content\/uploads\/2021\/04\/BoraKalip.png","width":900,"height":900,"caption":"Bora Kal\u0131p Elemanlar\u0131 San. ve Tic. Ltd. \u015eti"},"image":{"@id":"https:\/\/www.borakalip.com.tr\/en\/#\/schema\/logo\/image\/"},"sameAs":["https:\/\/www.facebook.com\/BoraKalipElemanlari\/","https:\/\/x.com\/BoraKalip","https:\/\/www.instagram.com\/borakalip\/"]}]}},"_links":{"self":[{"href":"https:\/\/www.borakalip.com.tr\/en\/wp-json\/wp\/v2\/pages\/143","targetHints":{"allow":["GET"]}}],"collection":[{"href":"https:\/\/www.borakalip.com.tr\/en\/wp-json\/wp\/v2\/pages"}],"about":[{"href":"https:\/\/www.borakalip.com.tr\/en\/wp-json\/wp\/v2\/types\/page"}],"author":[{"embeddable":true,"href":"https:\/\/www.borakalip.com.tr\/en\/wp-json\/wp\/v2\/users\/1"}],"replies":[{"embeddable":true,"href":"https:\/\/www.borakalip.com.tr\/en\/wp-json\/wp\/v2\/comments?post=143"}],"version-history":[{"count":3,"href":"https:\/\/www.borakalip.com.tr\/en\/wp-json\/wp\/v2\/pages\/143\/revisions"}],"predecessor-version":[{"id":299,"href":"https:\/\/www.borakalip.com.tr\/en\/wp-json\/wp\/v2\/pages\/143\/revisions\/299"}],"wp:attachment":[{"href":"https:\/\/www.borakalip.com.tr\/en\/wp-json\/wp\/v2\/media?parent=143"}],"curies":[{"name":"wp","href":"https:\/\/api.w.org\/{rel}","templated":true}]}}