{"id":135,"date":"2021-04-21T10:22:57","date_gmt":"2021-04-21T07:22:57","guid":{"rendered":"https:\/\/www.borakalip.com.tr\/?page_id=135"},"modified":"2021-04-24T19:56:16","modified_gmt":"2021-04-24T16:56:16","slug":"our-values","status":"publish","type":"page","link":"https:\/\/www.borakalip.com.tr\/en\/our-values\/","title":{"rendered":"Our Values"},"content":{"rendered":"\n<p>As Bora Kal\u0131p Elements, we are always determined to preserve and protect our values.<\/p>\n\n\n\n<figure class=\"wp-block-image size-large is-resized\"><img loading=\"lazy\" decoding=\"async\" src=\"http:\/\/borakalip.com.tr\/wp-content\/uploads\/2021\/04\/borakalip_degerlerimiz-1024x386.jpg\" alt=\"\" class=\"wp-image-47\" width=\"840\" height=\"316\"\/><figcaption>Our Values<\/figcaption><\/figure>\n\n\n\n<p><strong>Honesty<\/strong><\/p>\n\n\n\n<p>Honesty is our core approach to preserve business ethics and moral values of Bora Kal\u0131p Elements.<\/p>\n\n\n\n<p><strong>Responsibility<\/strong><\/p>\n\n\n\n<p>We approach all our stakeholders, our employees and customers with an urge of responsibility.<\/p>\n\n\n\n<p><strong>Sincerity<\/strong><\/p>\n\n\n\n<p>We act with serious responsibility and sincerity in every task.<\/p>\n\n\n\n<p><strong>Timing<\/strong><\/p>\n\n\n\n<p>It is important for us that our customers and suppliers can continuously contact us. We aim to deliver and maintain every product to our customers on time.<\/p>\n\n\n\n<p><strong>Team spirit<\/strong><\/p>\n\n\n\n<p>All our employees are in total control of their field of work and always try to help each other.<\/p>\n\n\n\n<p><strong>Quality Awareness<\/strong><\/p>\n\n\n\n<p>Quality at every stage of the production is a key element of what we offer you with the SML Gas Springs brand.<\/p>\n\n\n\n<p><strong>Continuous Improvement<\/strong><\/p>\n\n\n\n<p>As Bora Kal\u0131p Elements, we believe in continuous development.<\/p>\n\n\n\n<p><strong>Keywords<\/strong>: # Borakal\u0131p # Borakal\u0131pelements # Our Values \u200b\u200b# TeamSpirit # ContinuousImprovement # Sincerity # Honesty<\/p>\n","protected":false},"excerpt":{"rendered":"<p>As Bora Kal\u0131p Elements, we are always determined to preserve and protect our values. Honesty Honesty is our core approach to preserve business ethics and moral values of Bora Kal\u0131p Elements. Responsibility We approach all our stakeholders, our employees and customers with an urge of responsibility. Sincerity We act with serious responsibility and sincerity in [&hellip;]<\/p>\n","protected":false},"author":1,"featured_media":263,"parent":0,"menu_order":0,"comment_status":"closed","ping_status":"closed","template":"","meta":{"footnotes":""},"class_list":["post-135","page","type-page","status-publish","has-post-thumbnail","hentry"],"yoast_head":"<!-- This site is optimized with the Yoast SEO plugin v26.4 - https:\/\/yoast.com\/wordpress\/plugins\/seo\/ -->\n<title>Our Values - Bora Kal\u0131p<\/title>\n<meta name=\"description\" content=\"As Bora Kal\u0131p Elements, we try to preserve and protect our values.\" \/>\n<meta name=\"robots\" content=\"index, follow, max-snippet:-1, max-image-preview:large, max-video-preview:-1\" \/>\n<link rel=\"canonical\" href=\"https:\/\/www.borakalip.com.tr\/en\/our-values\/\" \/>\n<meta property=\"og:locale\" content=\"en_US\" \/>\n<meta property=\"og:type\" content=\"article\" \/>\n<meta property=\"og:title\" content=\"Our Values - Bora Kal\u0131p\" \/>\n<meta property=\"og:description\" content=\"As Bora Kal\u0131p Elements, we try to preserve and protect our values.\" \/>\n<meta property=\"og:url\" content=\"https:\/\/www.borakalip.com.tr\/en\/our-values\/\" \/>\n<meta property=\"og:site_name\" content=\"Bora Kal\u0131p\" \/>\n<meta property=\"article:publisher\" content=\"https:\/\/www.facebook.com\/BoraKalipElemanlari\/\" \/>\n<meta property=\"article:modified_time\" content=\"2021-04-24T16:56:16+00:00\" \/>\n<meta property=\"og:image\" content=\"https:\/\/www.borakalip.com.tr\/wp-content\/uploads\/2021\/04\/borakalip_degerlerimiz.jpg\" \/>\n\t<meta property=\"og:image:width\" content=\"1060\" \/>\n\t<meta property=\"og:image:height\" content=\"400\" \/>\n\t<meta property=\"og:image:type\" content=\"image\/jpeg\" \/>\n<meta name=\"twitter:card\" content=\"summary_large_image\" \/>\n<meta name=\"twitter:site\" content=\"@BoraKalip\" \/>\n<meta name=\"twitter:label1\" content=\"Est. reading time\" \/>\n\t<meta name=\"twitter:data1\" content=\"1 minute\" \/>\n<script type=\"application\/ld+json\" class=\"yoast-schema-graph\">{\"@context\":\"https:\/\/schema.org\",\"@graph\":[{\"@type\":\"WebPage\",\"@id\":\"https:\/\/www.borakalip.com.tr\/en\/our-values\/\",\"url\":\"https:\/\/www.borakalip.com.tr\/en\/our-values\/\",\"name\":\"Our Values - Bora Kal\u0131p\",\"isPartOf\":{\"@id\":\"https:\/\/www.borakalip.com.tr\/en\/#website\"},\"primaryImageOfPage\":{\"@id\":\"https:\/\/www.borakalip.com.tr\/en\/our-values\/#primaryimage\"},\"image\":{\"@id\":\"https:\/\/www.borakalip.com.tr\/en\/our-values\/#primaryimage\"},\"thumbnailUrl\":\"https:\/\/www.borakalip.com.tr\/wp-content\/uploads\/2021\/04\/borakalip_degerlerimiz.jpg\",\"datePublished\":\"2021-04-21T07:22:57+00:00\",\"dateModified\":\"2021-04-24T16:56:16+00:00\",\"description\":\"As Bora Kal\u0131p Elements, we try to preserve and protect our values.\",\"breadcrumb\":{\"@id\":\"https:\/\/www.borakalip.com.tr\/en\/our-values\/#breadcrumb\"},\"inLanguage\":\"en-US\",\"potentialAction\":[{\"@type\":\"ReadAction\",\"target\":[\"https:\/\/www.borakalip.com.tr\/en\/our-values\/\"]}]},{\"@type\":\"ImageObject\",\"inLanguage\":\"en-US\",\"@id\":\"https:\/\/www.borakalip.com.tr\/en\/our-values\/#primaryimage\",\"url\":\"https:\/\/www.borakalip.com.tr\/wp-content\/uploads\/2021\/04\/borakalip_degerlerimiz.jpg\",\"contentUrl\":\"https:\/\/www.borakalip.com.tr\/wp-content\/uploads\/2021\/04\/borakalip_degerlerimiz.jpg\",\"width\":1060,\"height\":400,\"caption\":\"De\u011ferlerimiz\"},{\"@type\":\"BreadcrumbList\",\"@id\":\"https:\/\/www.borakalip.com.tr\/en\/our-values\/#breadcrumb\",\"itemListElement\":[{\"@type\":\"ListItem\",\"position\":1,\"name\":\"Anasayfa\",\"item\":\"https:\/\/www.borakalip.com.tr\/en\/\"},{\"@type\":\"ListItem\",\"position\":2,\"name\":\"Our Values\"}]},{\"@type\":\"WebSite\",\"@id\":\"https:\/\/www.borakalip.com.tr\/en\/#website\",\"url\":\"https:\/\/www.borakalip.com.tr\/en\/\",\"name\":\"Bora Kal\u0131p\",\"description\":\"Quailty in Gas Spring Cylinders\",\"publisher\":{\"@id\":\"https:\/\/www.borakalip.com.tr\/en\/#organization\"},\"potentialAction\":[{\"@type\":\"SearchAction\",\"target\":{\"@type\":\"EntryPoint\",\"urlTemplate\":\"https:\/\/www.borakalip.com.tr\/en\/?s={search_term_string}\"},\"query-input\":{\"@type\":\"PropertyValueSpecification\",\"valueRequired\":true,\"valueName\":\"search_term_string\"}}],\"inLanguage\":\"en-US\"},{\"@type\":\"Organization\",\"@id\":\"https:\/\/www.borakalip.com.tr\/en\/#organization\",\"name\":\"Bora Kal\u0131p Elemanlar\u0131 San. ve Tic. Ltd. \u015eti\",\"url\":\"https:\/\/www.borakalip.com.tr\/en\/\",\"logo\":{\"@type\":\"ImageObject\",\"inLanguage\":\"en-US\",\"@id\":\"https:\/\/www.borakalip.com.tr\/en\/#\/schema\/logo\/image\/\",\"url\":\"http:\/\/borakalip.com.tr\/wp-content\/uploads\/2021\/04\/BoraKalip.png\",\"contentUrl\":\"http:\/\/borakalip.com.tr\/wp-content\/uploads\/2021\/04\/BoraKalip.png\",\"width\":900,\"height\":900,\"caption\":\"Bora Kal\u0131p Elemanlar\u0131 San. ve Tic. Ltd. \u015eti\"},\"image\":{\"@id\":\"https:\/\/www.borakalip.com.tr\/en\/#\/schema\/logo\/image\/\"},\"sameAs\":[\"https:\/\/www.facebook.com\/BoraKalipElemanlari\/\",\"https:\/\/x.com\/BoraKalip\",\"https:\/\/www.instagram.com\/borakalip\/\"]}]}<\/script>\n<!-- \/ Yoast SEO plugin. -->","yoast_head_json":{"title":"Our Values - Bora Kal\u0131p","description":"As Bora Kal\u0131p Elements, we try to preserve and protect our values.","robots":{"index":"index","follow":"follow","max-snippet":"max-snippet:-1","max-image-preview":"max-image-preview:large","max-video-preview":"max-video-preview:-1"},"canonical":"https:\/\/www.borakalip.com.tr\/en\/our-values\/","og_locale":"en_US","og_type":"article","og_title":"Our Values - Bora Kal\u0131p","og_description":"As Bora Kal\u0131p Elements, we try to preserve and protect our values.","og_url":"https:\/\/www.borakalip.com.tr\/en\/our-values\/","og_site_name":"Bora Kal\u0131p","article_publisher":"https:\/\/www.facebook.com\/BoraKalipElemanlari\/","article_modified_time":"2021-04-24T16:56:16+00:00","og_image":[{"width":1060,"height":400,"url":"https:\/\/www.borakalip.com.tr\/wp-content\/uploads\/2021\/04\/borakalip_degerlerimiz.jpg","type":"image\/jpeg"}],"twitter_card":"summary_large_image","twitter_site":"@BoraKalip","twitter_misc":{"Est. reading time":"1 minute"},"schema":{"@context":"https:\/\/schema.org","@graph":[{"@type":"WebPage","@id":"https:\/\/www.borakalip.com.tr\/en\/our-values\/","url":"https:\/\/www.borakalip.com.tr\/en\/our-values\/","name":"Our Values - Bora Kal\u0131p","isPartOf":{"@id":"https:\/\/www.borakalip.com.tr\/en\/#website"},"primaryImageOfPage":{"@id":"https:\/\/www.borakalip.com.tr\/en\/our-values\/#primaryimage"},"image":{"@id":"https:\/\/www.borakalip.com.tr\/en\/our-values\/#primaryimage"},"thumbnailUrl":"https:\/\/www.borakalip.com.tr\/wp-content\/uploads\/2021\/04\/borakalip_degerlerimiz.jpg","datePublished":"2021-04-21T07:22:57+00:00","dateModified":"2021-04-24T16:56:16+00:00","description":"As Bora Kal\u0131p Elements, we try to preserve and protect our values.","breadcrumb":{"@id":"https:\/\/www.borakalip.com.tr\/en\/our-values\/#breadcrumb"},"inLanguage":"en-US","potentialAction":[{"@type":"ReadAction","target":["https:\/\/www.borakalip.com.tr\/en\/our-values\/"]}]},{"@type":"ImageObject","inLanguage":"en-US","@id":"https:\/\/www.borakalip.com.tr\/en\/our-values\/#primaryimage","url":"https:\/\/www.borakalip.com.tr\/wp-content\/uploads\/2021\/04\/borakalip_degerlerimiz.jpg","contentUrl":"https:\/\/www.borakalip.com.tr\/wp-content\/uploads\/2021\/04\/borakalip_degerlerimiz.jpg","width":1060,"height":400,"caption":"De\u011ferlerimiz"},{"@type":"BreadcrumbList","@id":"https:\/\/www.borakalip.com.tr\/en\/our-values\/#breadcrumb","itemListElement":[{"@type":"ListItem","position":1,"name":"Anasayfa","item":"https:\/\/www.borakalip.com.tr\/en\/"},{"@type":"ListItem","position":2,"name":"Our Values"}]},{"@type":"WebSite","@id":"https:\/\/www.borakalip.com.tr\/en\/#website","url":"https:\/\/www.borakalip.com.tr\/en\/","name":"Bora Kal\u0131p","description":"Quailty in Gas Spring Cylinders","publisher":{"@id":"https:\/\/www.borakalip.com.tr\/en\/#organization"},"potentialAction":[{"@type":"SearchAction","target":{"@type":"EntryPoint","urlTemplate":"https:\/\/www.borakalip.com.tr\/en\/?s={search_term_string}"},"query-input":{"@type":"PropertyValueSpecification","valueRequired":true,"valueName":"search_term_string"}}],"inLanguage":"en-US"},{"@type":"Organization","@id":"https:\/\/www.borakalip.com.tr\/en\/#organization","name":"Bora Kal\u0131p Elemanlar\u0131 San. ve Tic. Ltd. \u015eti","url":"https:\/\/www.borakalip.com.tr\/en\/","logo":{"@type":"ImageObject","inLanguage":"en-US","@id":"https:\/\/www.borakalip.com.tr\/en\/#\/schema\/logo\/image\/","url":"http:\/\/borakalip.com.tr\/wp-content\/uploads\/2021\/04\/BoraKalip.png","contentUrl":"http:\/\/borakalip.com.tr\/wp-content\/uploads\/2021\/04\/BoraKalip.png","width":900,"height":900,"caption":"Bora Kal\u0131p Elemanlar\u0131 San. ve Tic. Ltd. \u015eti"},"image":{"@id":"https:\/\/www.borakalip.com.tr\/en\/#\/schema\/logo\/image\/"},"sameAs":["https:\/\/www.facebook.com\/BoraKalipElemanlari\/","https:\/\/x.com\/BoraKalip","https:\/\/www.instagram.com\/borakalip\/"]}]}},"_links":{"self":[{"href":"https:\/\/www.borakalip.com.tr\/en\/wp-json\/wp\/v2\/pages\/135","targetHints":{"allow":["GET"]}}],"collection":[{"href":"https:\/\/www.borakalip.com.tr\/en\/wp-json\/wp\/v2\/pages"}],"about":[{"href":"https:\/\/www.borakalip.com.tr\/en\/wp-json\/wp\/v2\/types\/page"}],"author":[{"embeddable":true,"href":"https:\/\/www.borakalip.com.tr\/en\/wp-json\/wp\/v2\/users\/1"}],"replies":[{"embeddable":true,"href":"https:\/\/www.borakalip.com.tr\/en\/wp-json\/wp\/v2\/comments?post=135"}],"version-history":[{"count":5,"href":"https:\/\/www.borakalip.com.tr\/en\/wp-json\/wp\/v2\/pages\/135\/revisions"}],"predecessor-version":[{"id":302,"href":"https:\/\/www.borakalip.com.tr\/en\/wp-json\/wp\/v2\/pages\/135\/revisions\/302"}],"wp:featuredmedia":[{"embeddable":true,"href":"https:\/\/www.borakalip.com.tr\/en\/wp-json\/wp\/v2\/media\/263"}],"wp:attachment":[{"href":"https:\/\/www.borakalip.com.tr\/en\/wp-json\/wp\/v2\/media?parent=135"}],"curies":[{"name":"wp","href":"https:\/\/api.w.org\/{rel}","templated":true}]}}